{"id":1258,"date":"2023-11-30T20:31:05","date_gmt":"2023-11-30T18:31:05","guid":{"rendered":"http:\/\/rettilatd\u00f8.dk\/?page_id=1258"},"modified":"2023-11-30T20:31:06","modified_gmt":"2023-11-30T18:31:06","slug":"referat-generalforsamling-26-10-23-2","status":"publish","type":"page","link":"https:\/\/xn--rettilatd-t8a.dk\/index.php\/om-ret-til-at-do-for-aktiv-dodshjaelp\/referat-generalforsamling-26-10-23-2\/","title":{"rendered":"Referat Generalforsamling 26\/10-23"},"content":{"rendered":"\n<ol class=\"wp-block-list\" type=\"1\"><li>Dirigent: Linda Lund og referent Astrid Kjems.<\/li><li>Dagsorden blev godkendt.<\/li><li>\u00c5rsberetning fra formanden:<ol start=\"1\" type=\"a\"><li>Som forening repr\u00e6senteret mange steder (i TV og radio og \u00f8vrige medier &#8211; se hjemmesiden) pga<strong> Borgerforslaget og statsministerens udmelding <\/strong>om personlig tilslutning til legalisering af aktiv d\u00f8dshj\u00e6lp.<\/li><\/ol><\/li><\/ol>\n\n\n\n<p>Inviteret til deltagelse i <strong>Det Etiske R\u00e5ds h\u00f8ring<\/strong> sidst i august op til R\u00e5dets anbefaling 4\/10.<\/p>\n\n\n\n<p><strong>Strategidag<\/strong> i Aarhus i september, hvor bestyrelsen forberedte m\u00f8det med stillerne af Borgerforslaget.<\/p>\n\n\n\n<p><strong>To m\u00f8der <\/strong>med f\u00f8rn\u00e6vnte<strong> forslagsstillere.<\/strong><\/p>\n\n\n\n<p><strong>Nordisk m\u00f8de i Oslo<\/strong> i november, hvor Flemming Schollaart og Astrid Kjems deltager&nbsp; &#8211; mere herom i Nyhedsbrevet omkring nyt\u00e5r 2023-24.<\/p>\n\n\n\n<p>Handlingsplan for det kommende \u00e5r:<\/p>\n\n\n\n<p>Opf\u00f8lgning p\u00e5 borgerforslaget.<\/p>\n\n\n\n<p>Strategidag i Odder\/Aarhus i for\u00e5ret (27-28\/4-24?) med planl\u00e6gning af Folkem\u00f8det med mere<\/p>\n\n\n\n<ol class=\"wp-block-list\" type=\"1\" start=\"4\"><li>Gennemgang og godkendelse af regnskab.<\/li><\/ol>\n\n\n\n<p>Regnskabet viser efter fusion med En v\u00e6rdig d\u00f8d (v\/ Flemming Schollaart) en beholdning p\u00e5 28.301,49 p\u00e5 Jyske Bank-kontoen med en difference p\u00e5 201,68<\/p>\n\n\n\n<ol class=\"wp-block-list\" type=\"1\" start=\"5\"><li>Gennemgang og godkendelse af budget for det kommende \u00e5r.<\/li><\/ol>\n\n\n\n<p>I 2024 budgetteres med f\u00f8lgende indt\u00e6gter:<\/p>\n\n\n\n<ul class=\"wp-block-list\"><li>Enkeltmedlemskaber ca. 70 \u00e1 200,- = 14.000 og 20 husstands \u00e1 300,- = 6000,- I alt : 20.000,-<\/li><\/ul>\n\n\n\n<p>I 2024 budgetteres med udgifter til:<\/p>\n\n\n\n<ul class=\"wp-block-list\"><li>Folkem\u00f8de juni: ca. 10.000 (2 teltpladser, 1 teltvogn + 3 * returrejse fra Khb)<\/li><li>Oslo (nov.): ca. 5200,-&nbsp; (overnatn ca. 3500,- + rejse 1700,- ) Astrid betaler selv rejse, da det ogs\u00e5 er et privat bes\u00f8g.<\/li><li>omkostninger ved bank og Mobilepay: ca. 2500,-<\/li><li>Omkostninger i alt ca. 17.700,-<\/li><\/ul>\n\n\n\n<ol class=\"wp-block-list\" type=\"1\" start=\"6\"><li>Indkomne forslag: ingen.<\/li><li>Fasts\u00e6ttelse af kontingent.<\/li><\/ol>\n\n\n\n<p>Som sidste \u00e5r: Et medlemskab af foreningen koster for et kalender\u00e5r: 100,- for unge under 30 \u00e5r,&nbsp; 200,- for enkeltpersoner og 300,- pr. husstand.<\/p>\n\n\n\n<ol class=\"wp-block-list\" type=\"1\" start=\"8\"><li>Valg i henhold til vedt\u00e6gterne.<\/li><\/ol>\n\n\n\n<p>Alle fire medlemmer af bestyrelsen opn\u00e5ede genvalg.<\/p>\n\n\n\n<ol class=\"wp-block-list\" type=\"1\" start=\"9\"><li>Eventuelt.<\/li><\/ol>\n","protected":false},"excerpt":{"rendered":"<p>Dirigent: Linda Lund og referent Astrid Kjems. Dagsorden blev godkendt. \u00c5rsberetning fra formanden: Som forening repr\u00e6senteret mange steder (i TV og radio og \u00f8vrige medier &#8211; se hjemmesiden) pga Borgerforslaget og statsministerens udmelding om personlig &hellip;<\/p>\n","protected":false},"author":1,"featured_media":0,"parent":18,"menu_order":-1,"comment_status":"closed","ping_status":"closed","template":"","meta":{"footnotes":""},"class_list":["post-1258","page","type-page","status-publish","hentry"],"_links":{"self":[{"href":"https:\/\/xn--rettilatd-t8a.dk\/index.php\/wp-json\/wp\/v2\/pages\/1258","targetHints":{"allow":["GET"]}}],"collection":[{"href":"https:\/\/xn--rettilatd-t8a.dk\/index.php\/wp-json\/wp\/v2\/pages"}],"about":[{"href":"https:\/\/xn--rettilatd-t8a.dk\/index.php\/wp-json\/wp\/v2\/types\/page"}],"author":[{"embeddable":true,"href":"https:\/\/xn--rettilatd-t8a.dk\/index.php\/wp-json\/wp\/v2\/users\/1"}],"replies":[{"embeddable":true,"href":"https:\/\/xn--rettilatd-t8a.dk\/index.php\/wp-json\/wp\/v2\/comments?post=1258"}],"version-history":[{"count":0,"href":"https:\/\/xn--rettilatd-t8a.dk\/index.php\/wp-json\/wp\/v2\/pages\/1258\/revisions"}],"up":[{"embeddable":true,"href":"https:\/\/xn--rettilatd-t8a.dk\/index.php\/wp-json\/wp\/v2\/pages\/18"}],"wp:attachment":[{"href":"https:\/\/xn--rettilatd-t8a.dk\/index.php\/wp-json\/wp\/v2\/media?parent=1258"}],"curies":[{"name":"wp","href":"https:\/\/api.w.org\/{rel}","templated":true}]}}