{"id":19,"date":"2021-02-13T19:12:34","date_gmt":"2021-02-13T18:12:34","guid":{"rendered":"http:\/\/192.168.253.99:8111\/?page_id=12"},"modified":"2022-11-13T16:34:31","modified_gmt":"2022-11-13T14:34:31","slug":"kontakt","status":"publish","type":"page","link":"https:\/\/xn--rettilatd-t8a.dk\/index.php\/kontakt\/","title":{"rendered":"Kontakt"},"content":{"rendered":"<div class=\"wpforms-container wpforms-container-full wpforms-block\" id=\"wpforms-177\"><form id=\"wpforms-form-177\" class=\"wpforms-validate wpforms-form\" data-formid=\"177\" method=\"post\" enctype=\"multipart\/form-data\" action=\"\/index.php\/wp-json\/wp\/v2\/pages\/19\" data-token=\"778433c453ee879196896ecdbd0c82b2\" data-token-time=\"1778998554\"><noscript class=\"wpforms-error-noscript\">Please enable JavaScript in your browser to complete this form.<\/noscript><div class=\"wpforms-field-container\"><div id=\"wpforms-177-field_0-container\" class=\"wpforms-field wpforms-field-name\" data-field-id=\"0\"><label class=\"wpforms-field-label\" for=\"wpforms-177-field_0\">Navn <span class=\"wpforms-required-label\">*<\/span><\/label><input type=\"text\" id=\"wpforms-177-field_0\" class=\"wpforms-field-medium wpforms-field-required\" name=\"wpforms[fields][0]\" required><\/div><div id=\"wpforms-177-field_1-container\" class=\"wpforms-field wpforms-field-email\" data-field-id=\"1\"><label class=\"wpforms-field-label\" for=\"wpforms-177-field_1\">Email <span class=\"wpforms-required-label\">*<\/span><\/label><input type=\"email\" id=\"wpforms-177-field_1\" class=\"wpforms-field-medium wpforms-field-required\" name=\"wpforms[fields][1]\" spellcheck=\"false\" required><\/div><div id=\"wpforms-177-field_2-container\" class=\"wpforms-field wpforms-field-textarea\" data-field-id=\"2\"><label class=\"wpforms-field-label\" for=\"wpforms-177-field_2\">Besked <span class=\"wpforms-required-label\">*<\/span><\/label><textarea id=\"wpforms-177-field_2\" class=\"wpforms-field-medium wpforms-field-required\" name=\"wpforms[fields][2]\" required><\/textarea><\/div><\/div><!-- .wpforms-field-container --><div class=\"wpforms-submit-container\" ><input type=\"hidden\" name=\"wpforms[id]\" value=\"177\"><input type=\"hidden\" name=\"page_title\" value=\"\"><input type=\"hidden\" name=\"page_url\" value=\"https:\/\/xn--rettilatd-t8a.dk\/index.php\/wp-json\/wp\/v2\/pages\/19\"><input type=\"hidden\" name=\"url_referer\" value=\"\"><button type=\"submit\" name=\"wpforms[submit]\" id=\"wpforms-submit-177\" class=\"wpforms-submit\" data-alt-text=\"Sending...\" data-submit-text=\"Send\" aria-live=\"assertive\" value=\"wpforms-submit\">Send<\/button><\/div><\/form><\/div>  <!-- .wpforms-container -->\n\n\n<p>Landsforeningen &#8220;Ret til at d\u00f8&#8221; for legalisering af aktiv d\u00f8dshj\u00e6lp kan kontaktes p\u00e5 email: <a href=\"mailto:rettilatdoe@gmail.com\"><strong>rettilatdoe@gmail.com<\/strong><\/a> &#8211; ogs\u00e5 for at bestille <a href=\"http:\/\/xn--rettilatd-t8a.dk\/index.php\/om-ret-til-at-do-for-aktiv-dodshjaelp\/foredrag-om-aktiv-dodshjaelp\/\" target=\"_blank\" rel=\"noreferrer noopener\"><strong>foredrag ved Flemming Schollaart<\/strong><\/a> eller f\u00e5 information om, hvordan systemet fungerer i Schweiz.<\/p>\n\n\n\n<p><\/p>\n","protected":false},"excerpt":{"rendered":"<p>Landsforeningen &#8220;Ret til at d\u00f8&#8221; for legalisering af aktiv d\u00f8dshj\u00e6lp kan kontaktes p\u00e5 email: rettilatdoe@gmail.com &#8211; ogs\u00e5 for at bestille foredrag ved Flemming Schollaart eller f\u00e5 information om, hvordan systemet fungerer i Schweiz.<\/p>\n","protected":false},"author":2,"featured_media":0,"parent":0,"menu_order":0,"comment_status":"closed","ping_status":"closed","template":"","meta":{"footnotes":""},"class_list":["post-19","page","type-page","status-publish","hentry"],"_links":{"self":[{"href":"https:\/\/xn--rettilatd-t8a.dk\/index.php\/wp-json\/wp\/v2\/pages\/19","targetHints":{"allow":["GET"]}}],"collection":[{"href":"https:\/\/xn--rettilatd-t8a.dk\/index.php\/wp-json\/wp\/v2\/pages"}],"about":[{"href":"https:\/\/xn--rettilatd-t8a.dk\/index.php\/wp-json\/wp\/v2\/types\/page"}],"author":[{"embeddable":true,"href":"https:\/\/xn--rettilatd-t8a.dk\/index.php\/wp-json\/wp\/v2\/users\/2"}],"replies":[{"embeddable":true,"href":"https:\/\/xn--rettilatd-t8a.dk\/index.php\/wp-json\/wp\/v2\/comments?post=19"}],"version-history":[{"count":0,"href":"https:\/\/xn--rettilatd-t8a.dk\/index.php\/wp-json\/wp\/v2\/pages\/19\/revisions"}],"wp:attachment":[{"href":"https:\/\/xn--rettilatd-t8a.dk\/index.php\/wp-json\/wp\/v2\/media?parent=19"}],"curies":[{"name":"wp","href":"https:\/\/api.w.org\/{rel}","templated":true}]}}