{"id":36,"date":"2021-02-13T19:22:05","date_gmt":"2021-02-13T18:22:05","guid":{"rendered":"http:\/\/192.168.253.99:8111\/?page_id=36"},"modified":"2022-11-17T12:19:39","modified_gmt":"2022-11-17T10:19:39","slug":"medlemskab","status":"publish","type":"page","link":"https:\/\/xn--rettilatd-t8a.dk\/index.php\/medlemskab\/","title":{"rendered":"Medlemskab"},"content":{"rendered":"<div class=\"wpforms-container wpforms-container-full wpforms-block\" id=\"wpforms-179\"><form id=\"wpforms-form-179\" class=\"wpforms-validate wpforms-form\" data-formid=\"179\" method=\"post\" enctype=\"multipart\/form-data\" action=\"\/index.php\/wp-json\/wp\/v2\/pages\/36\" data-token=\"35c95d1ce4adb43754a7609a09e04142\" data-token-time=\"1777706943\"><noscript class=\"wpforms-error-noscript\">Please enable JavaScript in your browser to complete this form.<\/noscript><div class=\"wpforms-field-container\"><div id=\"wpforms-179-field_0-container\" class=\"wpforms-field wpforms-field-name\" data-field-id=\"0\"><label class=\"wpforms-field-label\">Navn <span class=\"wpforms-required-label\">*<\/span><\/label><div class=\"wpforms-field-row wpforms-field-medium\"><div class=\"wpforms-field-row-block wpforms-first wpforms-one-half\"><input type=\"text\" id=\"wpforms-179-field_0\" class=\"wpforms-field-name-first wpforms-field-required\" name=\"wpforms[fields][0][first]\" required><label for=\"wpforms-179-field_0\" class=\"wpforms-field-sublabel after\">First<\/label><\/div><div class=\"wpforms-field-row-block wpforms-one-half\"><input type=\"text\" id=\"wpforms-179-field_0-last\" class=\"wpforms-field-name-last wpforms-field-required\" name=\"wpforms[fields][0][last]\" required><label for=\"wpforms-179-field_0-last\" class=\"wpforms-field-sublabel after\">Last<\/label><\/div><\/div><\/div><div id=\"wpforms-179-field_1-container\" class=\"wpforms-field wpforms-field-email\" data-field-id=\"1\"><label class=\"wpforms-field-label\" for=\"wpforms-179-field_1\">Email <span class=\"wpforms-required-label\">*<\/span><\/label><input type=\"email\" id=\"wpforms-179-field_1\" class=\"wpforms-field-medium wpforms-field-required\" name=\"wpforms[fields][1]\" spellcheck=\"false\" required><\/div><div id=\"wpforms-179-field_5-container\" class=\"wpforms-field wpforms-field-text\" data-field-id=\"5\"><label class=\"wpforms-field-label\" for=\"wpforms-179-field_5\">Post nr <span class=\"wpforms-required-label\">*<\/span><\/label><input type=\"text\" id=\"wpforms-179-field_5\" class=\"wpforms-field-small wpforms-field-required\" name=\"wpforms[fields][5]\" required><\/div><div id=\"wpforms-179-field_3-container\" class=\"wpforms-field wpforms-field-checkbox\" data-field-id=\"3\"><label class=\"wpforms-field-label\">Medlemskab til<\/label><ul id=\"wpforms-179-field_3\"><li class=\"choice-1 depth-1\"><input type=\"checkbox\" id=\"wpforms-179-field_3_1\" name=\"wpforms[fields][3][]\" value=\"Enkeltperson\"  ><label class=\"wpforms-field-label-inline\" for=\"wpforms-179-field_3_1\">Enkeltperson<\/label><\/li><li class=\"choice-2 depth-1\"><input type=\"checkbox\" id=\"wpforms-179-field_3_2\" name=\"wpforms[fields][3][]\" value=\"Familie\"  ><label class=\"wpforms-field-label-inline\" for=\"wpforms-179-field_3_2\">Familie<\/label><\/li><\/ul><\/div><div id=\"wpforms-179-field_4-container\" class=\"wpforms-field wpforms-field-number\" data-field-id=\"4\"><label class=\"wpforms-field-label\" for=\"wpforms-179-field_4\">Antal personer i familie<\/label><input type=\"number\" id=\"wpforms-179-field_4\" class=\"wpforms-field-small\" name=\"wpforms[fields][4]\" step=\"any\" ><\/div><\/div><!-- .wpforms-field-container --><div class=\"wpforms-submit-container\" ><input type=\"hidden\" name=\"wpforms[id]\" value=\"179\"><input type=\"hidden\" name=\"page_title\" value=\"\"><input type=\"hidden\" name=\"page_url\" value=\"https:\/\/xn--rettilatd-t8a.dk\/index.php\/wp-json\/wp\/v2\/pages\/36\"><input type=\"hidden\" name=\"url_referer\" value=\"\"><button type=\"submit\" name=\"wpforms[submit]\" id=\"wpforms-submit-179\" class=\"wpforms-submit\" data-alt-text=\"Sending...\" data-submit-text=\"Send\" aria-live=\"assertive\" value=\"wpforms-submit\">Send<\/button><\/div><\/form><\/div>  <!-- .wpforms-container -->\n\n\n<p>Et medlemskab af landsforeningen Ret til at d\u00f8 for legalisering af aktiv d\u00f8dshj\u00e6lp koster for et kalender\u00e5r 200,- kr. for enkeltpersoner (100,- hvis du er under 30 \u00e5r &#8211; dokumenteres) og 300,- pr. husstand. <\/p>\n\n\n\n<p>Indbetales p\u00e5 konto <strong>5148  0001044199<\/strong> (Jyske Bank) eller p\u00e5 MobilePay <strong>693611<\/strong> med angivelse af<mark style=\"background-color:rgba(0, 0, 0, 0)\" class=\"has-inline-color has-accent-1-color\"> <strong>NAVN <\/strong>og<strong> MAIL-adresse<\/strong>.<\/mark><\/p>\n\n\n\n<div class=\"wp-block-columns is-layout-flex wp-container-core-columns-is-layout-9d6595d7 wp-block-columns-is-layout-flex\">\n<div class=\"wp-block-column is-layout-flow wp-block-column-is-layout-flow\"><\/div>\n\n\n\n<div class=\"wp-block-column is-layout-flow wp-block-column-is-layout-flow\"><\/div>\n<\/div>\n","protected":false},"excerpt":{"rendered":"<p>Et medlemskab af landsforeningen Ret til at d\u00f8 for legalisering af aktiv d\u00f8dshj\u00e6lp koster for et kalender\u00e5r 200,- kr. for enkeltpersoner (100,- hvis du er under 30 \u00e5r &#8211; dokumenteres) og 300,- pr. husstand. Indbetales &hellip;<\/p>\n","protected":false},"author":2,"featured_media":0,"parent":0,"menu_order":0,"comment_status":"closed","ping_status":"closed","template":"","meta":{"footnotes":""},"class_list":["post-36","page","type-page","status-publish","hentry"],"_links":{"self":[{"href":"https:\/\/xn--rettilatd-t8a.dk\/index.php\/wp-json\/wp\/v2\/pages\/36","targetHints":{"allow":["GET"]}}],"collection":[{"href":"https:\/\/xn--rettilatd-t8a.dk\/index.php\/wp-json\/wp\/v2\/pages"}],"about":[{"href":"https:\/\/xn--rettilatd-t8a.dk\/index.php\/wp-json\/wp\/v2\/types\/page"}],"author":[{"embeddable":true,"href":"https:\/\/xn--rettilatd-t8a.dk\/index.php\/wp-json\/wp\/v2\/users\/2"}],"replies":[{"embeddable":true,"href":"https:\/\/xn--rettilatd-t8a.dk\/index.php\/wp-json\/wp\/v2\/comments?post=36"}],"version-history":[{"count":0,"href":"https:\/\/xn--rettilatd-t8a.dk\/index.php\/wp-json\/wp\/v2\/pages\/36\/revisions"}],"wp:attachment":[{"href":"https:\/\/xn--rettilatd-t8a.dk\/index.php\/wp-json\/wp\/v2\/media?parent=36"}],"curies":[{"name":"wp","href":"https:\/\/api.w.org\/{rel}","templated":true}]}}