{"id":53,"date":"2021-02-14T16:03:59","date_gmt":"2021-02-14T15:03:59","guid":{"rendered":"http:\/\/192.168.253.99:8111\/?page_id=53"},"modified":"2022-07-09T13:42:50","modified_gmt":"2022-07-09T11:42:50","slug":"aktiv-dodshjaelp_argumenter","status":"publish","type":"page","link":"https:\/\/xn--rettilatd-t8a.dk\/index.php\/aktiv-dodshjaelp_argumenter\/","title":{"rendered":"Aktiv d\u00f8dshj\u00e6lp &#8211; argumenter"},"content":{"rendered":"\n<p><strong>Eksempler p\u00e5 argumenter FOR aktiv d\u00f8dshj\u00e6lp:<\/strong><\/p>\n\n\n\n<p>\u2022 for at respektere individers autonomi, n\u00e5r patienter \u00f8nsker selvbestemmelse om livets afslutning ved ub\u00e6rlig lidelse.<\/p>\n\n\n\n<p>\u2022 for at give meget syge og lidende indre ro, fordi der er en mulig udvej.<\/p>\n\n\n\n<p>\u2022 l\u00e6ge-patient-forholdet styrkes, fordi patienten kan stole p\u00e5 at blive hjulpet.<\/p>\n\n\n\n<p>\u2022 for at forebygge selvmord blandt terminale patienter.<\/p>\n\n\n\n<p>\u2022 ved legalisering vil de tilf\u00e6lde af aktiv d\u00f8dshj\u00e6lp, der nu finder sted i det skjulte, blive sat i veldefinerede rammer.<\/p>\n\n\n\n<p>\u2022 modstandere af aktiv d\u00f8dshj\u00e6lp kan undlade at benytte sig af den &#8211; uden at forhindre tilh\u00e6ngere i at g\u00f8re det.<\/p>\n\n\n\n<p><strong>Eksempler p\u00e5 argumenter IMOD aktiv d\u00f8dshj\u00e6lp:<\/strong><\/p>\n\n\n\n<p>\u2022 syge mennesker kan f\u00f8le sig tilskyndede til at v\u00e6lge muligheden, fordi den findes. <strong>Gendrivelse<\/strong>: p\u00e5r\u00f8rende tager som regel i stedet meget skarp afstand fra den lidende patients \u00f8nske om aktiv d\u00f8dshj\u00e6lp. <\/p>\n\n\n\n<p>\u2022 glidebanen: hvad bliver det n\u00e6ste? <strong>Gendrivelse<\/strong>: Lovgivning skal sikre, at det kun er den ret begr\u00e6nsede m\u00e5lgruppe, der kan f\u00e5 lov til at f\u00e5 aktiv d\u00f8dshj\u00e6lp.<\/p>\n\n\n\n<p>\u2022 det er ikke naturligt. <strong>Gendrivelse<\/strong>: Hvad er naturligt? Det er st\u00f8rstedelen af behandlinger ikke &#8211; og de fleste behandlinger er patienter og p\u00e5r\u00f8rende taknemmelige for.<\/p>\n\n\n\n<p>\u2022 det strider mod l\u00e6gel\u00f8ftet. <strong>Gendrivelse<\/strong>: Det g\u00f8r det for det f\u00f8rste ikke (<strong><a href=\"http:\/\/xn--rettilatd-t8a.dk\/index.php\/laegeloftet\/\" target=\"_blank\" rel=\"noreferrer noopener\">se l\u00f8ftet her<\/a><\/strong>). For det andet: hvis det var tilf\u00e6ldet, s\u00e5 kunne et over 200 \u00e5r gammelt l\u00e6gel\u00f8fte i den anledning godt opdateres.<\/p>\n\n\n\n<p>\u2022 det er ikke Guds vilje. <strong>Gendrivelse<\/strong>: Hvad ved vi mennesker om det? Hvad med de patienter, der ikke er religi\u00f8se &#8211; eller hvis gud tillader en vis form for autonomi?<\/p>\n\n\n\n<p><\/p>\n\n\n\n<p><\/p>\n\n\n\n<p>Lyt ogs\u00e5 til professor i bioetik Thomas S\u00f8birk Petersens <strong><a href=\"https:\/\/www.weekendavisen.dk\/2022-2\/24spoergsmaal\/aktiv-doedshjaelp?fbclid=IwAR3yP-KbDe_zT_dILl4238qUFnnbjpLq09E6Z9cG0CJJOLU66C3x8EBI0Co\" target=\"_blank\" rel=\"noreferrer noopener\">argumenter for og imod aktiv d\u00f8dshj\u00e6lp<\/a><\/strong>, da han deltager i \u201c24 sp\u00f8rgsm\u00e5l\u201d hos Lone Frank.<\/p>\n\n\n\n<p><a href=\"https:\/\/nyheder.tv2.dk\/samfund\/2016-09-14-overblik-faa-styr-paa-argumenterne-for-og-imod-aktiv-doedshjaelp\" target=\"_blank\" rel=\"noreferrer noopener\"><strong>Se flere eksempler p\u00e5 argumenter her.<\/strong><\/a><\/p>\n","protected":false},"excerpt":{"rendered":"<p>Eksempler p\u00e5 argumenter FOR aktiv d\u00f8dshj\u00e6lp: \u2022 for at respektere individers autonomi, n\u00e5r patienter \u00f8nsker selvbestemmelse om livets afslutning ved ub\u00e6rlig lidelse. \u2022 for at give meget syge og lidende indre ro, fordi der er &hellip;<\/p>\n","protected":false},"author":2,"featured_media":0,"parent":0,"menu_order":0,"comment_status":"closed","ping_status":"closed","template":"","meta":{"footnotes":""},"class_list":["post-53","page","type-page","status-publish","hentry"],"_links":{"self":[{"href":"https:\/\/xn--rettilatd-t8a.dk\/index.php\/wp-json\/wp\/v2\/pages\/53","targetHints":{"allow":["GET"]}}],"collection":[{"href":"https:\/\/xn--rettilatd-t8a.dk\/index.php\/wp-json\/wp\/v2\/pages"}],"about":[{"href":"https:\/\/xn--rettilatd-t8a.dk\/index.php\/wp-json\/wp\/v2\/types\/page"}],"author":[{"embeddable":true,"href":"https:\/\/xn--rettilatd-t8a.dk\/index.php\/wp-json\/wp\/v2\/users\/2"}],"replies":[{"embeddable":true,"href":"https:\/\/xn--rettilatd-t8a.dk\/index.php\/wp-json\/wp\/v2\/comments?post=53"}],"version-history":[{"count":0,"href":"https:\/\/xn--rettilatd-t8a.dk\/index.php\/wp-json\/wp\/v2\/pages\/53\/revisions"}],"wp:attachment":[{"href":"https:\/\/xn--rettilatd-t8a.dk\/index.php\/wp-json\/wp\/v2\/media?parent=53"}],"curies":[{"name":"wp","href":"https:\/\/api.w.org\/{rel}","templated":true}]}}