{"id":55,"date":"2021-02-14T16:03:59","date_gmt":"2021-02-14T15:03:59","guid":{"rendered":"http:\/\/192.168.253.99:8111\/?page_id=55"},"modified":"2023-11-15T20:44:45","modified_gmt":"2023-11-15T18:44:45","slug":"fakta-om-andre-lande","status":"publish","type":"page","link":"https:\/\/xn--rettilatd-t8a.dk\/index.php\/fakta-om-andre-lande\/","title":{"rendered":"Fakta om andre lande"},"content":{"rendered":"\n<p><strong>Hvad m\u00e5 man hvor? <\/strong> <strong>I nedenst\u00e5ende lande eller delstater er aktiv d\u00f8dshj\u00e6lp (AD) \/assisteret selvmord (AS) tilladt i 2022:<\/strong><\/p>\n\n\n\n<ul class=\"wp-block-list\"><li>Belgien<strong>\u00a0(AD)<\/strong><\/li><li>Californien (USA)\u00a0<strong>(AS)<\/strong><\/li><li>Canada\u00a0<strong>(AS)<\/strong><\/li><li>Colombia\u00a0<strong>(AS)<\/strong><\/li><li>Colorado (USA) <strong>(AS)<\/strong><\/li><li>District of Columbia (USA)\u00a0<strong>(AS)<\/strong><\/li><li>Hawaii (USA)\u00a0<strong>(AS)<\/strong><\/li><li>Holland\u00a0<strong>(AD)<\/strong> &#8211;  <strong><a href=\"https:\/\/wfrtds.org\/dutch-euthanasia-report-on-2021-now-also-in-english\/\" target=\"_blank\" rel=\"noreferrer noopener\">link til engelsksproget rapport over Aktiv D\u00f8dshj\u00e6lp i Holland i 2021<\/a>.<\/strong> Viser bl.a. at fem ud af seks, der \u00f8nsker denne afslutning, d\u00f8r fredeligt i eget hjem. <a href=\"https:\/\/english.euthanasiecommissie.nl\/review-procedure\" target=\"_blank\" rel=\"noreferrer noopener\"><strong>Juridisk procedure efter aktiv d\u00f8dshj\u00e6lp.<\/strong><\/a><\/li><li>Italien\u00a0<strong>(AS i s\u00e6rlig tilf\u00e6lde &#8211; ikke legaliseret p\u00e5 landsplan)<\/strong><\/li><li>Japan\u00a0 <strong>(AS)<\/strong><\/li><li>Luxembourg<strong>\u00a0(AD)<\/strong><\/li><li>Maine (USA)\u00a0<strong>(AS)<\/strong><\/li><li>Montana (USA)\u00a0<strong>(AS)<\/strong><\/li><li>New Jersey (USA)\u00a0<strong>(AS)<\/strong><\/li><li>New Mexico (USA)\u00a0<strong>(AS)<\/strong><\/li><li>New South Wales (Australien) <strong>(AD)<\/strong> &#8211; information om lovgivningen i de <a href=\"https:\/\/end-of-life.qut.edu.au\/assisteddying\" target=\"_blank\" rel=\"noreferrer noopener\"><strong>enkelte stater i Australien<\/strong><\/a><\/li><li><a href=\"https:\/\/www.health.govt.nz\/our-work\/life-stages\/assisted-dying-service\" target=\"_blank\" rel=\"noreferrer noopener\"><strong>New Zealand<\/strong><\/a> <strong>(AD)<\/strong><\/li><li>Oregon (USA)\u00a0<strong>(AS)<\/strong><\/li><li>Portugal\u00a0&#8211; her skal parlamentet stemme igen, efter veto fra pr\u00e6sidenten (nov. 2021)<\/li><li>Queensland <strong>(AD &#8211; fra januar 2023)<\/strong><\/li><li>Schweiz <strong>(AS)<\/strong>\u00a0&#8211; <strong>Flemming Schollaart kan kontaktes for informationer om, hvordan systemet for aktiv d\u00f8dshj\u00e6lp fungerer i Schweiz<\/strong><\/li><li>South Australia (Australien) <strong>(AS)<\/strong><\/li><li><a href=\"https:\/\/www.comunidad.madrid\/en\/servicios\/salud\/prestacion-ayuda-morir-eutanasia#panel-275193\" target=\"_blank\" rel=\"noreferrer noopener\"><strong>Spanien<\/strong><\/a>\u00a0<strong>(AS)<\/strong><\/li><li>Sverige\u00a0&#8211; se nedenfor<\/li><li>Tasmanien (Australien) <strong>(AS)<\/strong><\/li><li>Tyskland\u00a0<strong>(AS)<\/strong><\/li><li>Vermont (USA)\u00a0<strong>(AS)<\/strong><\/li><li>Victoria (Australien)\u00a0<strong>(AS)<\/strong><\/li><li>Washington (USA)<strong>\u00a0(AS)<\/strong><\/li><li>Western Australia (Australien)<strong> (AS)<\/strong><\/li><li>\u00d8strig\u00a0<strong>(AS)<\/strong><\/li><\/ul>\n\n\n\n<p><em>Kilder bl.a. fra Humanists (UK): <\/em><a href=\"https:\/\/humanists.uk\/wp-content\/uploads\/Humanists-UK-Mapping-Assisted-Dying-Laws-Around-The-World.pdf\" target=\"_blank\" rel=\"noreferrer noopener\"><em>Mapping assisted dying laws around the world<\/em><\/a><\/p>\n\n\n\n<p>I Sverige er det ikke strafbart at yde hj\u00e6lp til selvmord. Der er dog \u201det fag-etisk ansvar\u201d for l\u00e6ger.&nbsp; Om det har retslig betydning, ved man ikke, da en sag aldrig er pr\u00f8vet ved domstolene.&nbsp;<\/p>\n\n\n\n<p>\u201dAssisteret selvmord\u201d er lovligt i 12 europ\u00e6iske lande. Man kan h\u00f8re modstandere af aktiv&nbsp;d\u00f8dshj\u00e6lp h\u00e6vde, at det er forbundet med mange problemer. Men assisteret selvmord har v\u00e6ret lovligt i Schweiz siden&nbsp;1942, i Oregon siden 1994 og aktiv d\u00f8dshj\u00e6lp i Holland, Belgien og Luxembourg i snart&nbsp; 20 \u00e5r uden n\u00e6vnev\u00e6rdige problemer.<\/p>\n\n\n\n<p>New Zealand har fra 7. november 2021 <a href=\"http:\/\/voanews.com\/a\/new-zealand-voluntary-euthanasia-law-comes-into-effect-\/6304189.html\" target=\"_blank\" rel=\"noreferrer noopener\"><strong>legaliseret aktiv d\u00f8dshj\u00e6lp<\/strong><\/a>.<\/p>\n\n\n\n<p><strong><a href=\"https:\/\/www.abc.net.au\/news\/2021-06-24\/euthanasia-voluntary-assisted-dying-approved-by-sa-parliament\/100236608?fbclid=IwAR3fBCpyxZTYXr1oXPFqYzpz0TGOJqySZCXx8vKttYdsNMeR6UFrUE4D8LI\" target=\"_blank\" rel=\"noreferrer noopener\">South Australia<\/a>&nbsp;<\/strong>bliver fjerde delstat i Australien, som vedtager Aktiv D\u00f8dshj\u00e6lp. Den australske teenager <strong><a href=\"https:\/\/www.abc.net.au\/news\/2021-04-29\/rhys-habermann-and-voluntary-euthanasia\/100062384\" target=\"_blank\" rel=\"noreferrer noopener\">Rhys Habermann<\/a><\/strong> deltog aktivt i kampagnen, mens han planlagde den for familien mest sk\u00e5nsomme m\u00e5de, han kunne d\u00f8 p\u00e5. Nu deltager familien aktivt, og p\u00e5 hans grav st\u00e5r der &#8220;Freedom and change&#8221;.<\/p>\n\n\n\n<p>I England har 89% af de adspurgte i en &#8220;assisted dying&#8221;-unders\u00f8gelse, Sunday Times har lavet pr. 15. juni 2021, svaret JA. Den forrige konge modtog <strong><a href=\"https:\/\/www.theguardian.com\/uk-news\/2017\/mar\/16\/what-happens-when-queen-elizabeth-dies-london-bridge\" target=\"_blank\" rel=\"noreferrer noopener\">i 1936 aktiv d\u00f8dshj\u00e6lp (andet afsnit i artiklen i the Guardian).<\/a><\/strong><\/p>\n\n\n\n<figure class=\"wp-block-image size-large\"><img loading=\"lazy\" decoding=\"async\" width=\"526\" height=\"526\" src=\"https:\/\/178.20.216.245\/~rettilatd\/wp-content\/uploads\/2021\/06\/assisted-dying_The-Times_15-6-21.png\" alt=\"\" class=\"wp-image-657\" srcset=\"https:\/\/xn--rettilatd-t8a.dk\/wp-content\/uploads\/2021\/06\/assisted-dying_The-Times_15-6-21.png 526w, https:\/\/xn--rettilatd-t8a.dk\/wp-content\/uploads\/2021\/06\/assisted-dying_The-Times_15-6-21-300x300.png 300w, https:\/\/xn--rettilatd-t8a.dk\/wp-content\/uploads\/2021\/06\/assisted-dying_The-Times_15-6-21-150x150.png 150w\" sizes=\"auto, (max-width: 526px) 100vw, 526px\" \/><\/figure>\n\n\n\n<p> <strong>Spanien <\/strong>har pr. 18\/3-21 godkendt lovforslag om aktiv d\u00f8dshj\u00e6lp og assisteret selvmord for folk, der lever med uhelbredelige og sv\u00e6kkende sygdomme, og loven tr\u00e6der i kraft om tre m\u00e5neder. Sundhedsminister Carolina Dias udtalte: &#8220;I dag er en vigtig dag, hvor vi n\u00e6rmer os en anerkendelse af en menneskeret og et mere humant og&nbsp;fair&nbsp;samfund&#8221;. L\u00e6s mere her: <strong><a data-type=\"URL\" data-id=\"https:\/\/edition.cnn.com\/2021\/03\/18\/europe\/spain-euthanasia-law-scli-intl\/index.html\" rel=\"noreferrer noopener\" href=\"https:\/\/edition.cnn.com\/2021\/03\/18\/europe\/spain-euthanasia-law-scli-intl\/index.html\" target=\"_blank\">Spanien vedtager lovforslag<\/a> <\/strong> og   <a data-type=\"URL\" data-id=\"https:\/\/edition.cnn.com\/2021\/03\/18\/europe\/spain-euthanasia-law-scli-intl\/index.html\" rel=\"noreferrer noopener\" href=\"https:\/\/edition.cnn.com\/2021\/03\/18\/europe\/spain-euthanasia-law-scli-intl\/index.html\" target=\"_blank\"><strong>Spain approves euthanasia<\/strong><\/a><\/p>\n\n\n\n<p>I <strong>Portugal<\/strong> har parlamentet vedtaget at g\u00f8re aktiv d\u00f8dshj\u00e6lp lovlig, og loven mangler nu kun at blive underskrevet af pr\u00e6sidenten (jan. 2021): <strong><a href=\"https:\/\/www.aa.com.tr\/en\/europe\/portugal-s-parliament-votes-to-legalize-euthanasia\/2127744\" data-type=\"URL\" data-id=\"https:\/\/www.aa.com.tr\/en\/europe\/portugal-s-parliament-votes-to-legalize-euthanasia\/2127744\">aktiv d\u00f8dshj\u00e6lp i Portugal<\/a> <\/strong><\/p>\n\n\n\n<p>TED Talk fra 2018 med argumenter for Aktiv D\u00f8dshj\u00e6lp i Irland ved foreningen Dying with Dignity ud fra &#8220;the Oregon Model&#8221;, Helen O&#8217;Shaughnessey (13 min.):<\/p>\n\n\n\n<h5 class=\"wp-block-heading\" id=\"dying-with-dignity-the-importance-of-choice-at-end-of-life\"><a href=\"https:\/\/www.ted.com\/talks\/helen_o_shaughnessey_dying_with_dignity_the_importance_of_choice_at_end_of_life\" data-type=\"URL\" data-id=\"https:\/\/www.ted.com\/talks\/helen_o_shaughnessey_dying_with_dignity_the_importance_of_choice_at_end_of_life\" target=\"_blank\" rel=\"noreferrer noopener\">Dying With Dignity:The Importance of Choice at End of Life<\/a><\/h5>\n\n\n\n<p class=\"has-accent-2-color has-text-color\" style=\"font-size:30px\"><strong>Foreninger for legalisering af Aktiv d\u00f8dshj\u00e6lp<\/strong><\/p>\n\n\n\n<p>Den europ\u00e6iske paraplyforening Right to die Europe koordinerer indsatsen for at f\u00e5 legaliseret Aktiv D\u00f8dshj\u00e6lp i europ\u00e6iske lande og udveksler erfaringer: <a href=\"https:\/\/www.rtde.eu\/\" data-type=\"URL\" data-id=\"https:\/\/www.rtde.eu\/\">https:\/\/www.rtde.eu\/<\/a><\/p>\n\n\n\n<figure class=\"wp-block-image\"><a href=\"https:\/\/www.rtde.eu\/\"><img decoding=\"async\" src=\"https:\/\/www.rtde.eu\/wp-content\/uploads\/2016\/06\/Logo_Right_to_Die_Europe.jpg\" alt=\"Right To Die Europe, A dignified death completes a good life\"\/><\/a><\/figure>\n\n\n\n<p>WFRTDS, World Federation Right To Die Societies, er en verdensomsp\u00e6ndende organisation til gensidig vidensudveksling: <a rel=\"noreferrer noopener\" href=\"https:\/\/wfrtds.org\/\" data-type=\"URL\" data-id=\"https:\/\/wfrtds.org\/\" target=\"_blank\">https:\/\/wfrtds.org\/<\/a><\/p>\n\n\n\n<figure class=\"wp-block-image size-large\"><a href=\"https:\/\/wfrtds.org\/\"><img loading=\"lazy\" decoding=\"async\" width=\"565\" height=\"106\" src=\"http:\/\/xn--rettilatd-t8a.dk\/wp-content\/uploads\/2021\/03\/image.png\" alt=\"\" class=\"wp-image-207\" srcset=\"https:\/\/xn--rettilatd-t8a.dk\/wp-content\/uploads\/2021\/03\/image.png 565w, https:\/\/xn--rettilatd-t8a.dk\/wp-content\/uploads\/2021\/03\/image-300x56.png 300w\" sizes=\"auto, (max-width: 565px) 100vw, 565px\" \/><\/a><\/figure>\n\n\n\n<p><\/p>\n\n\n\n<p><\/p>\n\n\n\n<p><\/p>\n\n\n\n<p><strong>Her finder du links til nationale foreninger og organisationer, der ogs\u00e5 arbejder for aktiv d\u00f8dshj\u00e6lp i deres lande:<\/strong><\/p>\n\n\n\n<p><strong>Belgien:<\/strong><br>Association pour le Droit de Mourir dans la Dignit\u00e9 (ADMD-B) (Forening for retten til at d\u00f8 med v\u00e6rdighed) h<a rel=\"noreferrer noopener\" href=\"http:\/\/www.admd.be\/\" target=\"_blank\">http:\/\/www.admd.be\/<\/a><br>Recht op Waardig Sterven vzw (R.W.S. vzw) (Retten til en v\u00e6rdig d\u00f8d)&nbsp;<a rel=\"noreferrer noopener\" href=\"https:\/\/www.rws.be\/\" data-type=\"URL\" data-id=\"https:\/\/www.rws.be\/\" target=\"_blank\">http:\/\/www.rws.be\/web\/<\/a><\/p>\n\n\n\n<p><strong>Frankrig:<\/strong><br>Association pour le Droit de Mourir dans la Dignit\u00e9 (ADMD-F)&nbsp;<a rel=\"noreferrer noopener\" href=\"http:\/\/www.admd.net\/\" target=\"_blank\">http:\/\/www.admd.net\/<\/a><br>Ultime Libert\u00e9&nbsp;<a rel=\"noreferrer noopener\" href=\"http:\/\/www.ultimeliberte.fr\/\" target=\"_blank\">http:\/\/www.ultimeliberte.fr\/<\/a><\/p>\n\n\n\n<p><strong>Holland:<\/strong><br>De Einder&nbsp;<a rel=\"noreferrer noopener\" href=\"http:\/\/deeinder.nl\/\" target=\"_blank\">http:\/\/deeinder.nl\/<\/a><br>NVVE \u2013 Right to Die \u2013 NL&nbsp;<a rel=\"noreferrer noopener\" href=\"https:\/\/www.nvve.nl\/\" target=\"_blank\">https:\/\/www.nvve.nl\/<\/a><\/p>\n\n\n\n<p><strong>Israel:<\/strong><br>LILACH \u2013 The Israel Society for the Right to Live and Die with Dignity&nbsp;<a href=\"http:\/\/www.lilach.org.il\/\" target=\"_blank\" rel=\"noreferrer noopener\">http:\/\/www.lilach.org.il\/<\/a><\/p>\n\n\n\n<p><strong>Italien:<\/strong><br>EXIT-Italia&nbsp;<a rel=\"noreferrer noopener\" href=\"http:\/\/www.exit-italia.it\/\" target=\"_blank\">http:\/\/www.exit-italia.it\/<\/a><\/p>\n\n\n\n<p><strong>Schweiz:<\/strong><br>Dignitas&nbsp;<a rel=\"noreferrer noopener\" href=\"http:\/\/www.dignitas.ch\/\" target=\"_blank\">http:\/\/www.dignitas.ch\/<\/a><br>EXIT Association pour le Droit de Mourir dans la Dignit\u00e9 (Suisse Romande)&nbsp;<a rel=\"noreferrer noopener\" href=\"http:\/\/www.exit-geneve.ch\/\" target=\"_blank\">http:\/\/www.exit-geneve.ch\/<\/a><br>EXIT \u2013 Deutsche Schweiz&nbsp;<a rel=\"noreferrer noopener\" href=\"http:\/\/www.exit.ch\/startseite\/\" target=\"_blank\">http:\/\/www.exit.ch\/startseite\/<\/a><br>ExInternational&nbsp;<a rel=\"noreferrer noopener\" href=\"http:\/\/www.exinternational.ch\/\" target=\"_blank\">http:\/\/www.exinternational.ch\/<\/a><br>Lifecircle&nbsp;<a rel=\"noreferrer noopener\" href=\"http:\/\/www.lifecircle.ch\/\" target=\"_blank\">http:\/\/www.lifecircle.ch\/<\/a><\/p>\n\n\n\n<p><strong>Spanien:<\/strong><br>Asociaci\u03ccn Federal Derecho a Morir Dignamente (AFDMD)&nbsp;<a rel=\"noreferrer noopener\" href=\"http:\/\/www.eutanasia.ws\/\" target=\"_blank\">http:\/\/www.eutanasia.ws\/<\/a><\/p>\n\n\n\n<p>Associacion Federal Derecho a Morir Dignamente (AFDMD) Espana: <a href=\"https:\/\/derechoamorir.org\/\" data-type=\"URL\" data-id=\"https:\/\/derechoamorir.org\/\" target=\"_blank\" rel=\"noreferrer noopener\">Derecho a morir (Ret til at D\u00f8)<\/a><br>Kontakt:<br>Andalucia: dmdandalucia@eutanasia.ws<br>Aragon: dmdaragon@eutanasia.ws<br>Asturia: dmdasturias@eutanasia.ws<br>Catalunya: dmdcatalunya@eutanasia.ws<br>Euskadi: dmdeuskadi@eutanasia.ws<br>Galice: dmdgalicia@eutanasia.ws<br>Madrid: dmdmadrid@eutanasia.ws<br>Navarra: dmdnavarra@eutanasia.ws<br>Valencia: dmdalicante@eutanasia.ws<\/p>\n\n\n\n<p><\/p>\n\n\n\n<p><strong>Storbritannien:<\/strong><br>Friends at the End (FATE)&nbsp;<a rel=\"noreferrer noopener\" href=\"http:\/\/www.friends-at-the-end.org.uk\/\" target=\"_blank\">http:\/\/www.friends-at-the-end.org.uk\/<\/a><br>Dignity in Dying (currently not a member)&nbsp;<a rel=\"noreferrer noopener\" href=\"http:\/\/www.dignityindying.org.uk\/\" target=\"_blank\">http:\/\/www.dignityindying.org.uk\/<\/a><br>EXIT-Scotland&nbsp;<a rel=\"noreferrer noopener\" href=\"http:\/\/www.euthanasia.cc\/\" target=\"_blank\">http:\/\/www.euthanasia.cc\/<\/a><\/p>\n\n\n\n<p><strong>Tyskland:<\/strong><br>Deutsche Gesellschaft f\u03cbr Humanes Sterben E.V&nbsp;<a rel=\"noreferrer noopener\" href=\"http:\/\/www.dghs.de\/\" target=\"_blank\">http:\/\/www.dghs.de\/<\/a><br>DIGNITAS (Sektion Deutschland) e.V.Dignitate <a href=\"http:\/\/www.dignitate-deutschland.de\/\" data-type=\"URL\" data-id=\"http:\/\/www.dignitate-deutschland.de\/\">http:\/\/www.dignitate-deutschland.de\/<\/a><\/p>\n\n\n\n<p>D\u00f8dshj\u00e6lp i Tyskland, Sterbehilfe:<br>Website&nbsp;<a rel=\"noreferrer noopener\" href=\"http:\/\/www.sterbehilfedeutschland.de\/\" target=\"_blank\">http:\/\/www.sterbehilfedeutschland.de\/<\/a><br>Facebook&nbsp;<a rel=\"noreferrer noopener\" href=\"https:\/\/www.facebook.com\/sterbehilfedeutschland\" target=\"_blank\">https:\/\/www.facebook.com\/sterbehilfedeutschland<\/a>mailto:info@sthd.ch<\/p>\n\n\n\n<p><strong>\u00d8strig:<\/strong><br>Initiative Religion is a Private Matter (Religion er en privatsag)&nbsp;<a href=\"http:\/\/www.religion-ist-privatsache.at\/\">http:\/\/www.religion-ist-privatsache.at\/<\/a><\/p>\n\n\n\n<p><\/p>\n\n\n\n<p><\/p>\n","protected":false},"excerpt":{"rendered":"<p>Hvad m\u00e5 man hvor? I nedenst\u00e5ende lande eller delstater er aktiv d\u00f8dshj\u00e6lp (AD) \/assisteret selvmord (AS) tilladt i 2022: Belgien\u00a0(AD) Californien (USA)\u00a0(AS) Canada\u00a0(AS) Colombia\u00a0(AS) Colorado (USA) (AS) District of Columbia (USA)\u00a0(AS) Hawaii (USA)\u00a0(AS) Holland\u00a0(AD) &#8211; &hellip;<\/p>\n","protected":false},"author":2,"featured_media":0,"parent":0,"menu_order":0,"comment_status":"closed","ping_status":"closed","template":"","meta":{"footnotes":""},"class_list":["post-55","page","type-page","status-publish","hentry"],"_links":{"self":[{"href":"https:\/\/xn--rettilatd-t8a.dk\/index.php\/wp-json\/wp\/v2\/pages\/55","targetHints":{"allow":["GET"]}}],"collection":[{"href":"https:\/\/xn--rettilatd-t8a.dk\/index.php\/wp-json\/wp\/v2\/pages"}],"about":[{"href":"https:\/\/xn--rettilatd-t8a.dk\/index.php\/wp-json\/wp\/v2\/types\/page"}],"author":[{"embeddable":true,"href":"https:\/\/xn--rettilatd-t8a.dk\/index.php\/wp-json\/wp\/v2\/users\/2"}],"replies":[{"embeddable":true,"href":"https:\/\/xn--rettilatd-t8a.dk\/index.php\/wp-json\/wp\/v2\/comments?post=55"}],"version-history":[{"count":0,"href":"https:\/\/xn--rettilatd-t8a.dk\/index.php\/wp-json\/wp\/v2\/pages\/55\/revisions"}],"wp:attachment":[{"href":"https:\/\/xn--rettilatd-t8a.dk\/index.php\/wp-json\/wp\/v2\/media?parent=55"}],"curies":[{"name":"wp","href":"https:\/\/api.w.org\/{rel}","templated":true}]}}