{"id":773,"date":"2021-10-20T09:35:25","date_gmt":"2021-10-20T07:35:25","guid":{"rendered":"https:\/\/178.20.216.245\/~rettilatd\/page_id=773"},"modified":"2023-11-09T21:04:25","modified_gmt":"2023-11-09T19:04:25","slug":"foredrag-om-aktiv-dodshjaelp","status":"publish","type":"page","link":"https:\/\/xn--rettilatd-t8a.dk\/index.php\/om-ret-til-at-do-for-aktiv-dodshjaelp\/foredrag-om-aktiv-dodshjaelp\/","title":{"rendered":"Foredrag om aktiv d\u00f8dshj\u00e6lp"},"content":{"rendered":"\n<div class=\"wp-block-media-text alignwide has-media-on-the-right is-stacked-on-mobile is-vertically-aligned-top\" style=\"grid-template-columns:auto 29%\"><figure class=\"wp-block-media-text__media\"><img loading=\"lazy\" decoding=\"async\" width=\"910\" height=\"910\" src=\"https:\/\/178.20.216.245\/~rettilatd\/wp-content\/uploads\/2021\/10\/FS_foto-1.jpg\" alt=\"\" class=\"wp-image-780 size-full\" srcset=\"https:\/\/xn--rettilatd-t8a.dk\/wp-content\/uploads\/2021\/10\/FS_foto-1.jpg 910w, https:\/\/xn--rettilatd-t8a.dk\/wp-content\/uploads\/2021\/10\/FS_foto-1-300x300.jpg 300w, https:\/\/xn--rettilatd-t8a.dk\/wp-content\/uploads\/2021\/10\/FS_foto-1-150x150.jpg 150w, https:\/\/xn--rettilatd-t8a.dk\/wp-content\/uploads\/2021\/10\/FS_foto-1-768x768.jpg 768w\" sizes=\"auto, (max-width: 910px) 100vw, 910px\" \/><\/figure><div class=\"wp-block-media-text__content\">\n<p>Ved Flemming Schollaart, bestyrelsesmedlem i Landsforeningen \u201dRet til at d\u00f8\u201d, <a href=\"http:\/\/www.retilatdoe.dk\">www.retilatdoe.dk<\/a><\/p>\n\n\n\n<p>Kontakt:\u00a0 tlf 29 72 16 20\u00a0 \u00a0\u00a0\u00a0\u00a0\u00a0\u00a0\u00a0 \u00d8stergade 35D 2tv., \u00a08300 Odder \u00a0\u00a0\u00a0\u00a0\u00a0\u00a0\u00a0\u00a0\u00a0 email:\u00a0 <a href=\"mailto:flemze@gmail.com\">flemze@gmail.com<\/a>\u00a0\u00a0\u00a0<\/p>\n\n\n\n<p><em>Honorar er som udgangspunkt 4500,- samt k\u00f8rselspenge<\/em>.<\/p>\n\n\n\n<p><strong>\u201cSkal Aktiv D\u00f8dshj\u00e6lp v\u00e6re en mulighed for danske patienter med ub\u00e6rlig og nyttesl\u00f8s lidelse?\u201d<\/strong><\/p>\n\n\n\n<p>Ovenst\u00e5ende er et af de mange sp\u00f8rgsm\u00e5l, der ofte dukker op i debatten omkring Eutanasi &#8211; Aktiv D\u00f8dshj\u00e6lp. Emnet er j\u00e6vnligt aktuelt, n\u00e5r dagspressen og TV behandler aktuelle tilf\u00e6lde herhjemme, hvor aktiv d\u00f8dshj\u00e6lp er et \u00f8nske, men ikke en mulighed. Det f\u00f8rer til, at nogle af disse patienter tager til Schweiz for at f\u00e5 hj\u00e6lp fra bl.a. Dignitas og Life Circle, hvor \u201dFreitot \u2013 d\u00f8den der befrier\u201d er en mulighed.<\/p>\n\n\n\n<p>Foredraget er ikke en \u201dpr\u00e6diken\u201d for aktiv d\u00f8dshj\u00e6lp, men har derimod et oplysende afs\u00e6t.<\/p>\n\n\n\n<p>Hvad er aktiv -, hvad er passiv d\u00f8dshj\u00e6lp? Hvad har de egentlig vedtaget i Holland? Hvad t\u00e6nker og mener vi danskere om aktiv d\u00f8dshj\u00e6lp? Kan man g\u00f8re det? Er det rigtigt? Hvorfor m\u00e5 man ikke selv bestemme over sit eget liv? Hvad er risikoen, og hvem kan hj\u00e6lpe? Skal man v\u00e6re terminalt syg for at kunne f\u00e5 det? Er det ansvarligt &#8211; eller uansvarligt? En masse sp\u00f8rgsm\u00e5l melder sig.<\/p>\n\n\n\n<p>Foredraget bliver ikke \u201dfor\u201d eller \u201dimod\u201d, for det er i sig selv ikke interessant. Det er de bagvedliggende sp\u00f8rgsm\u00e5l, der er interessante, som fx: Hvad er ub\u00e6rlige lidelser? Har vi en pligt til at leve det liv, vi har f\u00e5et? Hvilke krav b\u00f8r eventuelt stilles for at undg\u00e5 misbrug? Skader det patient-l\u00e6ge-forholdet? Glidebane effekt? Beslutningsdygtighed, osv osv &#8230;..<\/p>\n\n\n\n<p>Den hollandske regering var den f\u00f8rste i verdenen, der vedtog en eutanasilov den 21. april 2001. Denne lov g\u00f8r, at hollandske l\u00e6ger ikke l\u00e6ngere kan retsforf\u00f8lges efter at have udf\u00f8rt en eutanasi, s\u00e5 l\u00e6nge de holder sig til n\u00f8je foreskrevne regler.<\/p>\n\n\n\n<p>Form\u00e5let med foredraget er bedre at kunne sortere i og kategorisere de mange sp\u00f8rgsm\u00e5l vedr\u00f8rende eutanasi og er dermed en hj\u00e6lp, n\u00e5r emnet diskuteres, bl.a. i medierne.<\/p>\n\n\n\n<p>Jeg vil forklare de v\u00e6sentligste begreber vedr\u00f8rende aktiv og passiv d\u00f8dshj\u00e6lp og belyse de krav, der stilles i den hollandske eutanasi-lov. Forklare, hvordan lovgivningen er i Schweiz og forskellen til Holland. Derefter gennemg\u00e5s de dilemmaer, der vedr\u00f8rer debatten, og (efter evt. pause) vil der v\u00e6re tid til sp\u00f8rgsm\u00e5l og en f\u00e6lles diskussion som afslutning.<\/p>\n\n\n\n<p>Kulturelt og menneskeligt set betragter jeg Holland som et af de mest besl\u00e6gtede lande til Danmark \u2013m\u00e5ske endda mere end Sverige, som vi ofte sammenligner os med. Tre unders\u00f8gelser har vist, at mere end 75% af den danske befolkning \u00f8nsker en mulighed som i Holland. Men er det nu ogs\u00e5 en god ide at lovgive om dette omr\u00e5de, og forst\u00e5r vi i Danmark, hvad en lovgivning betyder?<\/p>\n\n\n\n<p>Men s\u00e5 l\u00e6nge det er forbudt herhjemme, sker det i det skjulte, og danskere m\u00e5 rejse sydp\u00e5 for at f\u00e5 hj\u00e6lp, hvis de har den mulighed.<\/p>\n<\/div><\/div>\n","protected":false},"excerpt":{"rendered":"<p>Ved Flemming Schollaart, bestyrelsesmedlem i Landsforeningen \u201dRet til at d\u00f8\u201d, www.retilatdoe.dk Kontakt:\u00a0 tlf 29 72 16 20\u00a0 \u00a0\u00a0\u00a0\u00a0\u00a0\u00a0\u00a0 \u00d8stergade 35D 2tv., \u00a08300 Odder \u00a0\u00a0\u00a0\u00a0\u00a0\u00a0\u00a0\u00a0\u00a0 email:\u00a0 flemze@gmail.com\u00a0\u00a0\u00a0 Honorar er som udgangspunkt 4500,- samt k\u00f8rselspenge. \u201cSkal Aktiv &hellip;<\/p>\n","protected":false},"author":1,"featured_media":0,"parent":18,"menu_order":1,"comment_status":"closed","ping_status":"closed","template":"","meta":{"footnotes":""},"class_list":["post-773","page","type-page","status-publish","hentry"],"_links":{"self":[{"href":"https:\/\/xn--rettilatd-t8a.dk\/index.php\/wp-json\/wp\/v2\/pages\/773","targetHints":{"allow":["GET"]}}],"collection":[{"href":"https:\/\/xn--rettilatd-t8a.dk\/index.php\/wp-json\/wp\/v2\/pages"}],"about":[{"href":"https:\/\/xn--rettilatd-t8a.dk\/index.php\/wp-json\/wp\/v2\/types\/page"}],"author":[{"embeddable":true,"href":"https:\/\/xn--rettilatd-t8a.dk\/index.php\/wp-json\/wp\/v2\/users\/1"}],"replies":[{"embeddable":true,"href":"https:\/\/xn--rettilatd-t8a.dk\/index.php\/wp-json\/wp\/v2\/comments?post=773"}],"version-history":[{"count":0,"href":"https:\/\/xn--rettilatd-t8a.dk\/index.php\/wp-json\/wp\/v2\/pages\/773\/revisions"}],"up":[{"embeddable":true,"href":"https:\/\/xn--rettilatd-t8a.dk\/index.php\/wp-json\/wp\/v2\/pages\/18"}],"wp:attachment":[{"href":"https:\/\/xn--rettilatd-t8a.dk\/index.php\/wp-json\/wp\/v2\/media?parent=773"}],"curies":[{"name":"wp","href":"https:\/\/api.w.org\/{rel}","templated":true}]}}