{"id":909,"date":"2022-03-16T13:24:28","date_gmt":"2022-03-16T11:24:28","guid":{"rendered":"https:\/\/178.20.216.245\/~rettilatd\/page_id=909"},"modified":"2022-03-16T15:17:16","modified_gmt":"2022-03-16T13:17:16","slug":"svend-lings-mail-etisk-raad","status":"publish","type":"page","link":"https:\/\/xn--rettilatd-t8a.dk\/index.php\/blog\/svend-lings-mail-etisk-raad\/","title":{"rendered":"Svend Lings til medlem af Etisk R\u00e5d"},"content":{"rendered":"\n<p>K\u00e6re Morten Bangsgaard<\/p>\n\n\n\n<p>Har lige h\u00f8rt indslaget p\u00e5 P1\/kulturen om operaen \u201dManualen\u201d. Jeg er ked af at m\u00e5tte konstatere, at du i denne alvorlige debat ikke har sat dig tilstr\u00e6kkeligt ind i stoffet, i hvert fald ikke i den del, der handler om argumenterne for lovligg\u00f8relse af aktiv d\u00f8dshj\u00e6lp.<\/p>\n\n\n\n<p>Som andre modstandere g\u00f8r du meget ud af at fort\u00e6lle, hvor kompliceret sp\u00f8rgsm\u00e5let er. S\u00e5 er det heller ikke v\u00e6rre. De problemer, der s\u00e6dvanligvis fremh\u00e6ves, er is\u00e6r teologiske og medicinske. Men Albert Camus sagde: \u201dAt afg\u00f8re om livet er v\u00e6rd at leve, er at besvare filosofiens grundsp\u00f8rgsm\u00e5l\u201d. Og for mig er det et almindeligt, medmenneskeligt moralsk sp\u00f8rgsm\u00e5l som lyder: Hvis et menneske har en varig, sv\u00e6r lidelse. Hvis der ikke er flere behandlingsmuligheder, og hvis hun eller han \u00f8nsker at d\u00f8, skal det s\u00e5 v\u00e6re lovligt at hj\u00e6lpe det menneske til at sove ind p\u00e5 en rolig og ordentlig m\u00e5de? <\/p>\n\n\n\n<p>Sp\u00f8rgsm\u00e5let er i virkeligheden principielt og enkelt: Skal staten og l\u00e6gerne bestemme over din sidste tid, eller vil du selv? Jeg g\u00f8r mig ikke \u201dtil dommer over liv eller d\u00f8d\u201d. Afg\u00f8relsen er suver\u00e6nt patientens egen, fordi selvmord er en menneskeret, og selvbestemmelse ogs\u00e5 er det. Hj\u00e6lpere beslutter kun om de personligt er villige til at medvirke. <\/p>\n\n\n\n<p>Om palliativ behandling siger du, at \u201dLings m\u00e5ske lever i en verden hvor der ikke var palliation da han gik p\u00e5 medicin.\u201d Come on! Jeg har selv arbejdet p\u00e5 en palliativ afdeling. St\u00f8rstedelen af de patienter, der ops\u00f8ger mig, er i forvejen i kontakt med palliativt team, og nogle er endda indlagt i palliativ afdeling. Jeg er bange for, at dine forestillinger om, hvad palliation kan, er alt for lyser\u00f8de. If\u00f8lge en international unders\u00f8gelse fra 2008 var de l\u00e6ger, der havde uddannelse i palliativ medicin, da ogs\u00e5 mest tilb\u00f8jelige til at medvirke ved aktiv d\u00f8dshj\u00e6lp (BMC Medicine).<\/p>\n\n\n\n<p>\u201dFolk m\u00e5 gerne v\u00e6re til besv\u00e6r\u201d. Selvf\u00f8lgelig. Men du udtaler flot, at s\u00e5 skal vi hj\u00e6lpe dem, \u201dtage dem i h\u00e5nden\u201d. Du er vist ikke klar over, hvor udbredt lidelsen og ensomheden er i samfundet. Hvem skal afhj\u00e6lpe den? Mange p\u00e5r\u00f8rende og en del offentlige instanser interesserer sig meget lidt for folk, der er til besv\u00e6r. S\u00e5dan er det bare. Dine forestillinger om personlig hj\u00e6lp er utopier.<br>Du gider sikkert ikke l\u00e6se nogen af mine udgydelser, men hvis du alligevel er lidt nysgerrig, kan jeg anbefale min bog \u201dHj\u00e6lp mig \u2013 aktiv d\u00f8dshj\u00e6lp\u201d og vores hjemmeside <a href=\"https:\/\/l.facebook.com\/l.php?u=http%3A%2F%2Fwww.aktive-laeger.dk%2F%3Ffbclid%3DIwAR0IFXpCAXzFlTBGoeTYJ3xuDnAAq5BNtPSdsJ8e_WHMtisEG7329YQZJiI&amp;h=AT0Tk85iFPomIN2mtPkmaoZhXPOVfeQ9JZo_g48uRYvhodZGGYSlo2WW5FYjlPF5Qm1ovcqxmFnKQh4RHvEErY7YDxgWP3up1B1g8-ildWpgBZDhLByHpw6Od9Npv4kXRQ&amp;__tn__=-UK-R&amp;c[0]=AT2ieKMuR2pL1gW4FCdEwTBNpKMVJXJbwUQmRaZKLXHwtCk0dU7V-9lpUOhH4WdrziRFCX5qQ7W30JgTWYYt2jvDmxw_lEgxKyYfo9Ydjw7BBA_3QYFtnnudqoLpuACIFVytXLTu6OoYkkrtv8JO03hAntoViPc_5Fk4LGhCbYylhbnoa17F31f1mS_s\" target=\"_blank\" rel=\"noreferrer noopener\">www.aktive-laeger.dk.<\/a><\/p>\n\n\n\n<p>Venlig hilsen Svend Lings, fhv. overl\u00e6ge, forfatter, ph.d., B\u00f8jdenvejen 30, Egeskov 5772 Kv\u00e6rndrup, Mobil 41 43 82 69<\/p>\n\n\n\n<p><\/p>\n","protected":false},"excerpt":{"rendered":"<p>K\u00e6re Morten Bangsgaard Har lige h\u00f8rt indslaget p\u00e5 P1\/kulturen om operaen \u201dManualen\u201d. Jeg er ked af at m\u00e5tte konstatere, at du i denne alvorlige debat ikke har sat dig tilstr\u00e6kkeligt ind i stoffet, i hvert &hellip;<\/p>\n","protected":false},"author":1,"featured_media":0,"parent":20,"menu_order":1,"comment_status":"closed","ping_status":"closed","template":"","meta":{"footnotes":""},"class_list":["post-909","page","type-page","status-publish","hentry"],"_links":{"self":[{"href":"https:\/\/xn--rettilatd-t8a.dk\/index.php\/wp-json\/wp\/v2\/pages\/909","targetHints":{"allow":["GET"]}}],"collection":[{"href":"https:\/\/xn--rettilatd-t8a.dk\/index.php\/wp-json\/wp\/v2\/pages"}],"about":[{"href":"https:\/\/xn--rettilatd-t8a.dk\/index.php\/wp-json\/wp\/v2\/types\/page"}],"author":[{"embeddable":true,"href":"https:\/\/xn--rettilatd-t8a.dk\/index.php\/wp-json\/wp\/v2\/users\/1"}],"replies":[{"embeddable":true,"href":"https:\/\/xn--rettilatd-t8a.dk\/index.php\/wp-json\/wp\/v2\/comments?post=909"}],"version-history":[{"count":0,"href":"https:\/\/xn--rettilatd-t8a.dk\/index.php\/wp-json\/wp\/v2\/pages\/909\/revisions"}],"up":[{"embeddable":true,"href":"https:\/\/xn--rettilatd-t8a.dk\/index.php\/wp-json\/wp\/v2\/pages\/20"}],"wp:attachment":[{"href":"https:\/\/xn--rettilatd-t8a.dk\/index.php\/wp-json\/wp\/v2\/media?parent=909"}],"curies":[{"name":"wp","href":"https:\/\/api.w.org\/{rel}","templated":true}]}}